{"id":67,"date":"2023-03-29T16:46:43","date_gmt":"2023-03-29T16:46:43","guid":{"rendered":"https:\/\/rambursaretvaue.ro\/?page_id=67"},"modified":"2025-12-04T09:27:23","modified_gmt":"2025-12-04T09:27:23","slug":"acasa","status":"publish","type":"page","link":"https:\/\/rambursaretvaue.ro\/en\/","title":{"rendered":"Home"},"content":{"rendered":"<div data-elementor-type=\"wp-page\" data-elementor-id=\"67\" class=\"elementor elementor-67\" data-elementor-post-type=\"page\">\n\t\t\t\t\t\t<section class=\"elementor-section elementor-top-section elementor-element elementor-element-413a8471 elementor-section-boxed elementor-section-height-default elementor-section-height-default elementor-invisible\" data-id=\"413a8471\" data-element_type=\"section\" data-settings=\"{&quot;background_background&quot;:&quot;slideshow&quot;,&quot;background_slideshow_gallery&quot;:[{&quot;id&quot;:1420,&quot;url&quot;:&quot;https:\\\/\\\/rambursaretvaue.ro\\\/wp-content\\\/uploads\\\/2023\\\/03\\\/Rambursare-cover-site-2.jpg&quot;},{&quot;id&quot;:1421,&quot;url&quot;:&quot;https:\\\/\\\/rambursaretvaue.ro\\\/wp-content\\\/uploads\\\/2023\\\/03\\\/Rambursare-cover-site-3.jpg&quot;},{&quot;id&quot;:1422,&quot;url&quot;:&quot;https:\\\/\\\/rambursaretvaue.ro\\\/wp-content\\\/uploads\\\/2023\\\/03\\\/Rambursare-cover-site-1.jpg&quot;}],&quot;background_slideshow_lazyload&quot;:&quot;yes&quot;,&quot;background_slideshow_ken_burns&quot;:&quot;yes&quot;,&quot;animation&quot;:&quot;fadeIn&quot;,&quot;background_slideshow_slide_transition&quot;:&quot;slide_left&quot;,&quot;background_slideshow_transition_duration&quot;:800,&quot;background_slideshow_ken_burns_zoom_direction&quot;:&quot;out&quot;,&quot;background_slideshow_loop&quot;:&quot;yes&quot;,&quot;background_slideshow_slide_duration&quot;:5000}\">\n\t\t\t\t\t\t\t<div class=\"elementor-background-overlay\"><\/div>\n\t\t\t\t\t\t\t<div class=\"elementor-container elementor-column-gap-default\">\n\t\t\t\t\t<div class=\"elementor-column elementor-col-50 elementor-top-column elementor-element elementor-element-258071da elementor-hidden-tablet elementor-hidden-mobile\" data-id=\"258071da\" data-element_type=\"column\">\n\t\t\t<div class=\"elementor-widget-wrap elementor-element-populated\">\n\t\t\t\t\t\t<div class=\"elementor-element elementor-element-1055fc4e elementor-widget__width-initial de_scroll_animation_no elementor-invisible elementor-widget elementor-widget-heading\" data-id=\"1055fc4e\" data-element_type=\"widget\" data-settings=\"{&quot;_animation&quot;:&quot;fadeIn&quot;}\" data-widget_type=\"heading.default\">\n\t\t\t\t<div class=\"elementor-widget-container\">\n\t\t\t\t\t<h1 class=\"elementor-heading-title elementor-size-default\">RambursareTVAUE.ro<\/h1>\t\t\t\t<\/div>\n\t\t\t\t<\/div>\n\t\t\t\t\t<\/div>\n\t\t<\/div>\n\t\t\t\t<div class=\"elementor-column elementor-col-50 elementor-top-column elementor-element elementor-element-7b8a2f4d\" data-id=\"7b8a2f4d\" data-element_type=\"column\">\n\t\t\t<div class=\"elementor-widget-wrap\">\n\t\t\t\t\t\t\t<\/div>\n\t\t<\/div>\n\t\t\t\t\t<\/div>\n\t\t<\/section>\n\t\t\t\t<section class=\"elementor-section elementor-top-section elementor-element elementor-element-59f1484 elementor-reverse-mobile elementor-section-boxed elementor-section-height-default elementor-section-height-default\" data-id=\"59f1484\" data-element_type=\"section\" data-settings=\"{&quot;background_background&quot;:&quot;classic&quot;}\">\n\t\t\t\t\t\t<div class=\"elementor-container elementor-column-gap-default\">\n\t\t\t\t\t<div class=\"elementor-column elementor-col-50 elementor-top-column elementor-element elementor-element-52ece3c2\" data-id=\"52ece3c2\" data-element_type=\"column\">\n\t\t\t<div class=\"elementor-widget-wrap elementor-element-populated\">\n\t\t\t\t\t\t<div class=\"elementor-element elementor-element-69ee46c0 de_scroll_scale_distance_1.1 elementor-invisible elementor-widget elementor-widget-image\" data-id=\"69ee46c0\" data-element_type=\"widget\" data-settings=\"{&quot;_animation&quot;:&quot;fadeIn&quot;}\" data-widget_type=\"image.default\">\n\t\t\t\t<div class=\"elementor-widget-container\">\n\t\t\t\t\t\t\t\t\t\t\t\t\t\t\t<img fetchpriority=\"high\" decoding=\"async\" width=\"1080\" height=\"1920\" src=\"https:\/\/rambursaretvaue.ro\/wp-content\/uploads\/2025\/12\/Ramburs-site-vertical.jpg\" class=\"attachment-full size-full wp-image-1435\" alt=\"\" srcset=\"https:\/\/rambursaretvaue.ro\/wp-content\/uploads\/2025\/12\/Ramburs-site-vertical.jpg 1080w, https:\/\/rambursaretvaue.ro\/wp-content\/uploads\/2025\/12\/Ramburs-site-vertical-169x300.jpg 169w, https:\/\/rambursaretvaue.ro\/wp-content\/uploads\/2025\/12\/Ramburs-site-vertical-576x1024.jpg 576w, https:\/\/rambursaretvaue.ro\/wp-content\/uploads\/2025\/12\/Ramburs-site-vertical-768x1365.jpg 768w, https:\/\/rambursaretvaue.ro\/wp-content\/uploads\/2025\/12\/Ramburs-site-vertical-864x1536.jpg 864w, https:\/\/rambursaretvaue.ro\/wp-content\/uploads\/2025\/12\/Ramburs-site-vertical-7x12.jpg 7w\" sizes=\"(max-width: 1080px) 100vw, 1080px\" \/>\t\t\t\t\t\t\t\t\t\t\t\t\t\t\t<\/div>\n\t\t\t\t<\/div>\n\t\t\t\t\t<\/div>\n\t\t<\/div>\n\t\t\t\t<div class=\"elementor-column elementor-col-50 elementor-top-column elementor-element elementor-element-57b4ab28\" data-id=\"57b4ab28\" data-element_type=\"column\">\n\t\t\t<div class=\"elementor-widget-wrap elementor-element-populated\">\n\t\t\t\t\t\t<div class=\"elementor-element elementor-element-4c675c81 de_scroll_animation_no elementor-widget elementor-widget-qi_addons_for_elementor_animated_text\" data-id=\"4c675c81\" data-element_type=\"widget\" data-widget_type=\"qi_addons_for_elementor_animated_text.default\">\n\t\t\t\t<div class=\"elementor-widget-container\">\n\t\t\t\t\t<div class=\"qodef-shortcode qodef-m  qodef-qi-animated-text qodef--animated-by-word  qodef-qi--has-appear qodef--appear-from-right\" >\n\t\t<h2 class=\"qodef-m-title\">\n\t\t<span class=\"qodef-e-word\">the<\/span> <span class=\"qodef-e-word\">oxygen<\/span> <span class=\"qodef-e-word\">\u200edigital<\/span> <span class=\"qodef-e-word\">\u200e.com<\/span> <span class=\"qodef-e-word\">RambursaretvaUE.ro<\/span>\t<\/h2>\n<\/div>\n\t\t\t\t<\/div>\n\t\t\t\t<\/div>\n\t\t\t\t<div class=\"elementor-element elementor-element-c53e701 de_scroll_animation_no elementor-invisible elementor-widget elementor-widget-text-editor\" data-id=\"c53e701\" data-element_type=\"widget\" data-settings=\"{&quot;_animation&quot;:&quot;fadeIn&quot;}\" data-widget_type=\"text-editor.default\">\n\t\t\t\t<div class=\"elementor-widget-container\">\n\t\t\t\t\t\t\t\t\t<p data-start=\"139\" data-end=\"253\"><strong data-start=\"139\" data-end=\"251\">Locul unde recuperarea TVA devine simpl\u0103, rapid\u0103 \u0219i lipsit\u0103 de stres.<\/strong><\/p><p data-start=\"255\" data-end=\"511\">\u0218tim c\u00e2t de pre\u021bios este timpul t\u0103u, mai ales atunci c\u00e2nd ai un business de condus sau e\u0219ti mereu pe drumuri \u00een Europa. De aceea, am creat un proces clar \u0219i u\u0219or, astfel \u00eenc\u00e2t s\u0103 po\u021bi recupera TVA-ul f\u0103r\u0103 h\u00e2rtii inutile, f\u0103r\u0103 confuzie \u0219i f\u0103r\u0103 b\u0103t\u0103i de cap.<\/p><p data-start=\"513\" data-end=\"742\"><strong data-start=\"513\" data-end=\"568\">Tu ne trimi\u021bi documentele. Noi ne ocup\u0103m de restul.<\/strong><br data-start=\"568\" data-end=\"571\" \/>Echipa noastr\u0103 urm\u0103re\u0219te fiecare pas al ramburs\u0103rii \u0219i \u00ee\u021bi ofer\u0103 transparen\u021b\u0103 total\u0103, astfel \u00eenc\u00e2t s\u0103 fii mereu \u00een control \u0219i s\u0103 \u0219tii exact c\u00e2nd \u00ee\u021bi prime\u0219ti banii \u00eenapoi.<\/p><p data-start=\"744\" data-end=\"878\">Indiferent c\u0103 e\u0219ti transportator, firm\u0103 mic\u0103 sau companie \u00een cre\u0219tere, suntem aici s\u0103 te ajut\u0103m s\u0103 economise\u0219ti timp, bani \u0219i energie.<\/p><p data-start=\"880\" data-end=\"1031\"><strong data-start=\"880\" data-end=\"956\">Bine ai venit \u00eentr-un sistem \u00een care recuperarea TVA chiar func\u021bioneaz\u0103.<\/strong><br data-start=\"956\" data-end=\"959\" \/>Te bucuri de rezultate, iar noi ne ocup\u0103m de tot ce \u00eenseamn\u0103 birocra\u021bie.<\/p>\t\t\t\t\t\t\t\t<\/div>\n\t\t\t\t<\/div>\n\t\t\t\t<div class=\"elementor-element elementor-element-1581223 de_scroll_animation_no elementor-widget elementor-widget-button\" data-id=\"1581223\" data-element_type=\"widget\" data-widget_type=\"button.default\">\n\t\t\t\t<div class=\"elementor-widget-container\">\n\t\t\t\t\t\t\t\t\t<div class=\"elementor-button-wrapper\">\n\t\t\t\t\t<a class=\"elementor-button elementor-button-link elementor-size-sm\" href=\"https:\/\/rambursaretvaue.ro\/en\/servicii\/\">\n\t\t\t\t\t\t<span class=\"elementor-button-content-wrapper\">\n\t\t\t\t\t\t\t\t\t<span class=\"elementor-button-text\">Services<\/span>\n\t\t\t\t\t<\/span>\n\t\t\t\t\t<\/a>\n\t\t\t\t<\/div>\n\t\t\t\t\t\t\t\t<\/div>\n\t\t\t\t<\/div>\n\t\t\t\t\t<\/div>\n\t\t<\/div>\n\t\t\t\t\t<\/div>\n\t\t<\/section>\n\t\t\t\t<section class=\"elementor-section elementor-top-section elementor-element elementor-element-36ec900e elementor-section-boxed elementor-section-height-default elementor-section-height-default\" data-id=\"36ec900e\" data-element_type=\"section\">\n\t\t\t\t\t\t<div class=\"elementor-container elementor-column-gap-default\">\n\t\t\t\t\t<div class=\"elementor-column elementor-col-100 elementor-top-column elementor-element elementor-element-3cc57544\" data-id=\"3cc57544\" data-element_type=\"column\">\n\t\t\t<div class=\"elementor-widget-wrap elementor-element-populated\">\n\t\t\t\t\t\t<div class=\"elementor-element elementor-element-5fb0942e de_scroll_animation_no elementor-widget elementor-widget-qi_addons_for_elementor_animated_text\" data-id=\"5fb0942e\" data-element_type=\"widget\" data-widget_type=\"qi_addons_for_elementor_animated_text.default\">\n\t\t\t\t<div class=\"elementor-widget-container\">\n\t\t\t\t\t<div class=\"qodef-shortcode qodef-m  qodef-qi-animated-text qodef--animated-by-word  qodef-qi--has-appear qodef--appear-from-right\" >\n\t\t<h2 class=\"qodef-m-title translation-block\"><span class=\"qodef-e-word\">why<\/span> <span class=\"qodef-e-word\">should<\/span> <span class=\"qodef-e-word\">you<\/span> <span class=\"qodef-e-word\">choose<\/span> <span class=\"qodef-e-word\">us?<\/span><\/h2>\n<\/div>\n\t\t\t\t<\/div>\n\t\t\t\t<\/div>\n\t\t\t\t<div class=\"elementor-element elementor-element-13124fa de_scroll_animation_no elementor-invisible elementor-widget elementor-widget-text-editor\" data-id=\"13124fa\" data-element_type=\"widget\" data-settings=\"{&quot;_animation&quot;:&quot;fadeIn&quot;}\" data-widget_type=\"text-editor.default\">\n\t\t\t\t<div class=\"elementor-widget-container\">\n\t\t\t\t\t\t\t\t\t<p data-start=\"136\" data-end=\"448\">Pentru c\u0103 la noi recuperarea TVA nu este doar un serviciu \u2013 este o experien\u021b\u0103 g\u00e2ndit\u0103 s\u0103 \u00ee\u021bi fac\u0103 via\u021ba mai u\u0219oar\u0103. \u0218tim c\u00e2t de obositoare pot fi procedurile birocratice, formularele \u0219i termenele limit\u0103. De aceea, am creat un sistem simplu, rapid \u0219i eficient, astfel \u00eenc\u00e2t tu s\u0103 prime\u0219ti banii \u00eenapoi f\u0103r\u0103 stres.<\/p><h5 data-start=\"450\" data-end=\"476\">\u2714 Proces simplificat<\/h5><p data-start=\"477\" data-end=\"586\">Ne trimi\u021bi documentele, iar noi ne ocup\u0103m de tot. F\u0103r\u0103 drumuri inutile, f\u0103r\u0103 b\u0103t\u0103i de cap, f\u0103r\u0103 timp pierdut.<\/p><h5 data-start=\"588\" data-end=\"615\">\u2714 Vitez\u0103 \u0219i eficien\u021b\u0103<\/h5><p data-start=\"616\" data-end=\"705\">Lucr\u0103m rapid \u0219i transparent, astfel \u00eenc\u00e2t s\u0103 \u0219tii mereu \u00een ce stadiu este rambursarea ta.<\/p><h5 data-start=\"707\" data-end=\"732\">\u2714 Economise\u0219ti bani<\/h5><p data-start=\"733\" data-end=\"826\">Recuper\u0103m TVA-ul la timp, astfel \u00eenc\u00e2t s\u0103 \u00ee\u021bi r\u0103m\u00e2n\u0103 mai multe resurse pentru businessul t\u0103u.<\/p><h5 data-start=\"828\" data-end=\"869\">\u2714 Experien\u021b\u0103 real\u0103 \u00een ramburs\u0103ri UE<\/h5><p data-start=\"870\" data-end=\"994\">Cunoa\u0219tem legisla\u021bia, procedurile \u0219i particularit\u0103\u021bile fiec\u0103rei \u021b\u0103ri europene, ceea ce reduce riscul de erori \u0219i \u00eent\u00e2rzieri.<\/p><h5 data-start=\"996\" data-end=\"1031\">\u2714 Suport prietenos \u0219i dedicat<\/h5><p data-start=\"1032\" data-end=\"1126\">Suntem aici pentru tine \u2013 r\u0103spundem rapid, explic\u0103m clar \u0219i te ajut\u0103m s\u0103 \u00een\u021belegi fiecare pas.<\/p>\t\t\t\t\t\t\t\t<\/div>\n\t\t\t\t<\/div>\n\t\t\t\t\t<\/div>\n\t\t<\/div>\n\t\t\t\t\t<\/div>\n\t\t<\/section>\n\t\t\t\t<section class=\"elementor-section elementor-top-section elementor-element elementor-element-6a0453c elementor-reverse-mobile elementor-section-boxed elementor-section-height-default elementor-section-height-default\" data-id=\"6a0453c\" data-element_type=\"section\" data-settings=\"{&quot;background_background&quot;:&quot;classic&quot;}\">\n\t\t\t\t\t\t<div class=\"elementor-container elementor-column-gap-default\">\n\t\t\t\t\t<div class=\"elementor-column elementor-col-50 elementor-top-column elementor-element elementor-element-bfef2aa\" data-id=\"bfef2aa\" data-element_type=\"column\">\n\t\t\t<div class=\"elementor-widget-wrap elementor-element-populated\">\n\t\t\t\t\t\t<div class=\"elementor-element elementor-element-860c5ca de_scroll_scale_distance_1.1 elementor-widget elementor-widget-image\" data-id=\"860c5ca\" data-element_type=\"widget\" data-widget_type=\"image.default\">\n\t\t\t\t<div class=\"elementor-widget-container\">\n\t\t\t\t\t\t\t\t\t\t\t\t\t\t\t<img decoding=\"async\" src=\"https:\/\/rambursaretvaue.ro\/wp-content\/uploads\/elementor\/thumbs\/Rambursare-Logo-contur-rfluuvnmpewte9kq4pk6192wpt5np7z0gljl8eojuw.png\" title=\"Rambursare Logo contur\" alt=\"Rambursare Logo contur\" loading=\"lazy\" \/>\t\t\t\t\t\t\t\t\t\t\t\t\t\t\t<\/div>\n\t\t\t\t<\/div>\n\t\t\t\t\t<\/div>\n\t\t<\/div>\n\t\t\t\t<div class=\"elementor-column elementor-col-50 elementor-top-column elementor-element elementor-element-5d9254c\" data-id=\"5d9254c\" data-element_type=\"column\">\n\t\t\t<div class=\"elementor-widget-wrap elementor-element-populated\">\n\t\t\t\t\t\t<div class=\"elementor-element elementor-element-21f133f elementor-widget__width-initial elementor-button-align-stretch de_scroll_animation_no elementor-widget elementor-widget-form\" data-id=\"21f133f\" data-element_type=\"widget\" data-settings=\"{&quot;step_previous_label&quot;:&quot;Previous&quot;,&quot;button_width&quot;:&quot;100&quot;,&quot;step_type&quot;:&quot;number_text&quot;,&quot;step_icon_shape&quot;:&quot;circle&quot;}\" data-widget_type=\"form.default\">\n\t\t\t\t<div class=\"elementor-widget-container\">\n\t\t\t\t\t\t\t<form class=\"elementor-form\" method=\"post\" name=\"New Form\" action=\"\">\n\t\t\t<input type=\"hidden\" name=\"post_id\" value=\"67\"\/>\n\t\t\t<input type=\"hidden\" name=\"form_id\" value=\"21f133f\"\/>\n\t\t\t<input type=\"hidden\" name=\"referer_title\" value=\"\" \/>\n\n\t\t\t\n\t\t\t<div class=\"elementor-form-fields-wrapper elementor-labels-\">\n\t\t\t\t\t\t\t\t<div class=\"elementor-field-type-text elementor-field-group elementor-column elementor-field-group-name elementor-col-50 elementor-field-required\">\n\t\t\t\t\t\t\t\t\t\t\t\t<label for=\"form-field-name\" class=\"elementor-field-label elementor-screen-only\">\n\t\t\t\t\t\t\t\tName\t\t\t\t\t\t\t<\/label>\n\t\t\t\t\t\t\t\t\t\t\t\t\t\t<input size=\"1\" type=\"text\" name=\"form_fields[name]\" id=\"form-field-name\" class=\"elementor-field elementor-size-sm  elementor-field-textual\" placeholder=\"Nume Prenume\" required=\"required\" aria-required=\"true\">\n\t\t\t\t\t\t\t\t\t\t\t<\/div>\n\t\t\t\t\t\t\t\t<div class=\"elementor-field-type-text elementor-field-group elementor-column elementor-field-group-field_de64865 elementor-col-50 elementor-field-required\">\n\t\t\t\t\t\t\t\t\t\t\t\t<label for=\"form-field-field_de64865\" class=\"elementor-field-label elementor-screen-only\">\n\t\t\t\t\t\t\t\tName\t\t\t\t\t\t\t<\/label>\n\t\t\t\t\t\t\t\t\t\t\t\t\t\t<input size=\"1\" type=\"text\" name=\"form_fields[field_de64865]\" id=\"form-field-field_de64865\" class=\"elementor-field elementor-size-sm  elementor-field-textual\" placeholder=\"Adresa\" required=\"required\" aria-required=\"true\">\n\t\t\t\t\t\t\t\t\t\t\t<\/div>\n\t\t\t\t\t\t\t\t<div class=\"elementor-field-type-email elementor-field-group elementor-column elementor-field-group-email elementor-col-50 elementor-field-required\">\n\t\t\t\t\t\t\t\t\t\t\t\t<label for=\"form-field-email\" class=\"elementor-field-label elementor-screen-only\">\n\t\t\t\t\t\t\t\tEmail\t\t\t\t\t\t\t<\/label>\n\t\t\t\t\t\t\t\t\t\t\t\t\t\t<input size=\"1\" type=\"email\" name=\"form_fields[email]\" id=\"form-field-email\" class=\"elementor-field elementor-size-sm  elementor-field-textual\" placeholder=\"Email\" required=\"required\" aria-required=\"true\">\n\t\t\t\t\t\t\t\t\t\t\t<\/div>\n\t\t\t\t\t\t\t\t<div class=\"elementor-field-type-tel elementor-field-group elementor-column elementor-field-group-field_27870f5 elementor-col-50 elementor-field-required\">\n\t\t\t\t\t\t\t\t\t\t\t\t<label for=\"form-field-field_27870f5\" class=\"elementor-field-label elementor-screen-only\">\n\t\t\t\t\t\t\t\tEmail\t\t\t\t\t\t\t<\/label>\n\t\t\t\t\t\t\t\t<input size=\"1\" type=\"tel\" name=\"form_fields[field_27870f5]\" id=\"form-field-field_27870f5\" class=\"elementor-field elementor-size-sm  elementor-field-textual\" placeholder=\"Numar de telefon\" required=\"required\" aria-required=\"true\" pattern=\"[0-9()#&amp;+*-=.]+\" title=\"Only numbers and phone characters (#, -, *, etc) are accepted.\">\n\n\t\t\t\t\t\t<\/div>\n\t\t\t\t\t\t\t\t<div class=\"elementor-field-type-radio elementor-field-group elementor-column elementor-field-group-field_fe7b10e elementor-col-100 elementor-field-required\">\n\t\t\t\t\t\t\t\t\t\t\t\t<label for=\"form-field-field_fe7b10e\" class=\"elementor-field-label elementor-screen-only\">\n\t\t\t\t\t\t\t\tMessage\t\t\t\t\t\t\t<\/label>\n\t\t\t\t\t\t<div class=\"elementor-field-subgroup\"><span class=\"elementor-field-option\"><input type=\"radio\" value=\"Recuperare TVA UE\" id=\"form-field-field_fe7b10e-0\" name=\"form_fields[field_fe7b10e]\" required=\"required\" aria-required=\"true\"> <label for=\"form-field-field_fe7b10e-0\">Recuperare TVA UE<\/label><\/span><span class=\"elementor-field-option\"><input type=\"radio\" value=\"Informa\u021bii\" id=\"form-field-field_fe7b10e-1\" name=\"form_fields[field_fe7b10e]\" required=\"required\" aria-required=\"true\"> <label for=\"form-field-field_fe7b10e-1\">Informa\u021bii<\/label><\/span><\/div>\t\t\t\t<\/div>\n\t\t\t\t\t\t\t\t<div class=\"elementor-field-type-textarea elementor-field-group elementor-column elementor-field-group-field_707aff1 elementor-col-100\">\n\t\t\t\t\t\t\t\t\t\t\t\t<label for=\"form-field-field_707aff1\" class=\"elementor-field-label elementor-screen-only\">\n\t\t\t\t\t\t\t\tMessage\t\t\t\t\t\t\t<\/label>\n\t\t\t\t\t\t<textarea class=\"elementor-field-textual elementor-field  elementor-size-sm\" name=\"form_fields[field_707aff1]\" id=\"form-field-field_707aff1\" rows=\"3\" placeholder=\"Scrie c\u00e2t mai multe detalii \"><\/textarea>\t\t\t\t<\/div>\n\t\t\t\t\t\t\t\t<div class=\"elementor-field-type-recaptcha_v3 elementor-field-group elementor-column elementor-field-group-field_d886a95 elementor-col-100 recaptcha_v3-bottomright\">\n\t\t\t\t\t<div class=\"elementor-field\" id=\"form-field-field_d886a95\"><\/div>\t\t\t\t<\/div>\n\t\t\t\t\t\t\t\t<div class=\"elementor-field-group elementor-column elementor-field-type-submit elementor-col-100 e-form__buttons\">\n\t\t\t\t\t<button type=\"submit\" class=\"elementor-button elementor-size-sm\">\n\t\t\t\t\t\t<span >\n\t\t\t\t\t\t\t\t\t\t\t\t\t\t\t<span class=\"elementor-button-icon\">\n\t\t\t\t\t\t\t\t\t\t\t\t\t\t\t\t\t\t\t\t\t\t\t\t\t\t<\/span>\n\t\t\t\t\t\t\t\t\t\t\t\t\t\t\t\t\t\t\t\t\t\t<span class=\"elementor-button-text\">Send<\/span>\n\t\t\t\t\t\t\t\t\t\t\t\t\t<\/span>\n\t\t\t\t\t<\/button>\n\t\t\t\t<\/div>\n\t\t\t<\/div>\n\t\t<input type=\"hidden\" name=\"trp-form-language\" value=\"en\"\/><\/form>\n\t\t\t\t\t\t<\/div>\n\t\t\t\t<\/div>\n\t\t\t\t\t<\/div>\n\t\t<\/div>\n\t\t\t\t\t<\/div>\n\t\t<\/section>\n\t\t\t\t<\/div>","protected":false},"excerpt":{"rendered":"<p>RambursareTVAUE.ro Bine ai venit la RambursaretvaUE.ro Locul unde recuperarea TVA devine simpl\u0103, rapid\u0103 \u0219i lipsit\u0103 de stres. \u0218tim c\u00e2t de pre\u021bios este timpul t\u0103u, mai ales atunci c\u00e2nd ai un business de condus sau e\u0219ti mereu pe drumuri \u00een Europa. De aceea, am creat un proces clar \u0219i u\u0219or, astfel \u00eenc\u00e2t s\u0103 po\u021bi recupera TVA-ul [&hellip;]<\/p>","protected":false},"author":1,"featured_media":0,"parent":0,"menu_order":0,"comment_status":"closed","ping_status":"closed","template":"elementor_header_footer","meta":{"ocean_post_layout":"","ocean_both_sidebars_style":"","ocean_both_sidebars_content_width":0,"ocean_both_sidebars_sidebars_width":0,"ocean_sidebar":"0","ocean_second_sidebar":"0","ocean_disable_margins":"enable","ocean_add_body_class":"","ocean_shortcode_before_top_bar":"","ocean_shortcode_after_top_bar":"","ocean_shortcode_before_header":"","ocean_shortcode_after_header":"","ocean_has_shortcode":"","ocean_shortcode_after_title":"","ocean_shortcode_before_footer_widgets":"","ocean_shortcode_after_footer_widgets":"","ocean_shortcode_before_footer_bottom":"","ocean_shortcode_after_footer_bottom":"","ocean_display_top_bar":"default","ocean_display_header":"default","ocean_header_style":"","ocean_center_header_left_menu":"0","ocean_custom_header_template":"0","ocean_custom_logo":0,"ocean_custom_retina_logo":0,"ocean_custom_logo_max_width":0,"ocean_custom_logo_tablet_max_width":0,"ocean_custom_logo_mobile_max_width":0,"ocean_custom_logo_max_height":0,"ocean_custom_logo_tablet_max_height":0,"ocean_custom_logo_mobile_max_height":0,"ocean_header_custom_menu":"0","ocean_menu_typo_font_family":"0","ocean_menu_typo_font_subset":"","ocean_menu_typo_font_size":0,"ocean_menu_typo_font_size_tablet":0,"ocean_menu_typo_font_size_mobile":0,"ocean_menu_typo_font_size_unit":"px","ocean_menu_typo_font_weight":"","ocean_menu_typo_font_weight_tablet":"","ocean_menu_typo_font_weight_mobile":"","ocean_menu_typo_transform":"","ocean_menu_typo_transform_tablet":"","ocean_menu_typo_transform_mobile":"","ocean_menu_typo_line_height":0,"ocean_menu_typo_line_height_tablet":0,"ocean_menu_typo_line_height_mobile":0,"ocean_menu_typo_line_height_unit":"","ocean_menu_typo_spacing":0,"ocean_menu_typo_spacing_tablet":0,"ocean_menu_typo_spacing_mobile":0,"ocean_menu_typo_spacing_unit":"","ocean_menu_link_color":"","ocean_menu_link_color_hover":"","ocean_menu_link_color_active":"","ocean_menu_link_background":"","ocean_menu_link_hover_background":"","ocean_menu_link_active_background":"","ocean_menu_social_links_bg":"","ocean_menu_social_hover_links_bg":"","ocean_menu_social_links_color":"","ocean_menu_social_hover_links_color":"","ocean_disable_title":"default","ocean_disable_heading":"default","ocean_post_title":"","ocean_post_subheading":"","ocean_post_title_style":"","ocean_post_title_background_color":"","ocean_post_title_background":0,"ocean_post_title_bg_image_position":"","ocean_post_title_bg_image_attachment":"","ocean_post_title_bg_image_repeat":"","ocean_post_title_bg_image_size":"","ocean_post_title_height":0,"ocean_post_title_bg_overlay":0.5,"ocean_post_title_bg_overlay_color":"","ocean_disable_breadcrumbs":"default","ocean_breadcrumbs_color":"","ocean_breadcrumbs_separator_color":"","ocean_breadcrumbs_links_color":"","ocean_breadcrumbs_links_hover_color":"","ocean_display_footer_widgets":"default","ocean_display_footer_bottom":"default","ocean_custom_footer_template":"0","_glsr_average":5,"_glsr_ranking":3.6363636363636,"_glsr_reviews":1,"footnotes":""},"class_list":["post-67","page","type-page","status-publish","hentry","entry"],"_links":{"self":[{"href":"https:\/\/rambursaretvaue.ro\/en\/wp-json\/wp\/v2\/pages\/67","targetHints":{"allow":["GET"]}}],"collection":[{"href":"https:\/\/rambursaretvaue.ro\/en\/wp-json\/wp\/v2\/pages"}],"about":[{"href":"https:\/\/rambursaretvaue.ro\/en\/wp-json\/wp\/v2\/types\/page"}],"author":[{"embeddable":true,"href":"https:\/\/rambursaretvaue.ro\/en\/wp-json\/wp\/v2\/users\/1"}],"replies":[{"embeddable":true,"href":"https:\/\/rambursaretvaue.ro\/en\/wp-json\/wp\/v2\/comments?post=67"}],"version-history":[{"count":199,"href":"https:\/\/rambursaretvaue.ro\/en\/wp-json\/wp\/v2\/pages\/67\/revisions"}],"predecessor-version":[{"id":1446,"href":"https:\/\/rambursaretvaue.ro\/en\/wp-json\/wp\/v2\/pages\/67\/revisions\/1446"}],"wp:attachment":[{"href":"https:\/\/rambursaretvaue.ro\/en\/wp-json\/wp\/v2\/media?parent=67"}],"curies":[{"name":"wp","href":"https:\/\/api.w.org\/{rel}","templated":true}]}}