{"id":120,"date":"2023-03-29T17:00:10","date_gmt":"2023-03-29T17:00:10","guid":{"rendered":"https:\/\/rambursaretvaue.ro\/?page_id=120"},"modified":"2025-12-04T09:43:11","modified_gmt":"2025-12-04T09:43:11","slug":"despre-noi","status":"publish","type":"page","link":"https:\/\/rambursaretvaue.ro\/en\/despre-noi\/","title":{"rendered":"About Us"},"content":{"rendered":"<div data-elementor-type=\"wp-page\" data-elementor-id=\"120\" class=\"elementor elementor-120\" data-elementor-post-type=\"page\">\n\t\t\t\t\t\t<section class=\"elementor-section elementor-top-section elementor-element elementor-element-657e907a elementor-section-full_width elementor-section-height-default elementor-section-height-default elementor-invisible\" data-id=\"657e907a\" data-element_type=\"section\" data-settings=\"{&quot;animation&quot;:&quot;fadeIn&quot;}\">\n\t\t\t\t\t\t<div class=\"elementor-container elementor-column-gap-default\">\n\t\t\t\t\t<div class=\"elementor-column elementor-col-50 elementor-top-column elementor-element elementor-element-693e1d94\" data-id=\"693e1d94\" data-element_type=\"column\">\n\t\t\t<div class=\"elementor-widget-wrap elementor-element-populated\">\n\t\t\t\t\t\t<div class=\"elementor-element elementor-element-6416c4f0 de_scroll_animation_no elementor-invisible elementor-widget elementor-widget-qi_addons_for_elementor_animated_text\" data-id=\"6416c4f0\" data-element_type=\"widget\" data-settings=\"{&quot;_animation&quot;:&quot;fadeIn&quot;}\" data-widget_type=\"qi_addons_for_elementor_animated_text.default\">\n\t\t\t\t<div class=\"elementor-widget-container\">\n\t\t\t\t\t<div class=\"qodef-shortcode qodef-m  qodef-qi-animated-text qodef--animated-by-word  qodef-qi--has-appear qodef--appear-from-right\" >\n\t\t<h2 class=\"qodef-m-title translation-block\">\u200e<span class=\"qodef-e-word\">What<\/span> <span class=\"qodef-e-word\">exactly<\/span> <span class=\"qodef-e-word\">do<\/span> <span class=\"qodef-e-word\">we<\/span> <span class=\"qodef-e-word\">do?<\/span><\/h2>\n<\/div>\n\t\t\t\t<\/div>\n\t\t\t\t<\/div>\n\t\t\t\t<div class=\"elementor-element elementor-element-611e1461 de_scroll_animation_no elementor-invisible elementor-widget elementor-widget-text-editor\" data-id=\"611e1461\" data-element_type=\"widget\" data-settings=\"{&quot;_animation&quot;:&quot;fadeIn&quot;}\" data-widget_type=\"text-editor.default\">\n\t\t\t\t<div class=\"elementor-widget-container\">\n\t\t\t\t\t\t\t\t\t<p data-start=\"379\" data-end=\"851\">Suntem o companie specializat\u0103 \u00een <strong data-start=\"413\" data-end=\"474\">rambursarea TVA-ului \u0219i a accizelor din Uniunea European\u0103<\/strong>, oferind solu\u021bii complete pentru firmele din Rom\u00e2nia care efectueaz\u0103 <strong data-start=\"544\" data-end=\"571\">transport interna\u021bional<\/strong>, achizi\u021bii intracomunitare sau pl\u0103tesc TVA \u00een alte state membre. Statisticile arat\u0103 c\u0103 peste 75% dintre companiile eligibile nu solicit\u0103 rambursarea TVA UE, pierz\u00e2nd sume importante. Misiunea noastr\u0103 este s\u0103 ajut\u0103m fiecare client s\u0103 \u00ee\u0219i recupereze banii rapid, sigur \u0219i eficient.<\/p><p data-start=\"2288\" data-end=\"2447\">\u00a0<\/p>\t\t\t\t\t\t\t\t<\/div>\n\t\t\t\t<\/div>\n\t\t\t\t\t<\/div>\n\t\t<\/div>\n\t\t\t\t<div class=\"elementor-column elementor-col-50 elementor-top-column elementor-element elementor-element-7a31ff68\" data-id=\"7a31ff68\" data-element_type=\"column\">\n\t\t\t<div class=\"elementor-widget-wrap elementor-element-populated\">\n\t\t\t\t\t\t<div class=\"elementor-element elementor-element-2651e1a de_scroll_animation_no elementor-invisible elementor-widget elementor-widget-image\" data-id=\"2651e1a\" data-element_type=\"widget\" data-settings=\"{&quot;_animation&quot;:&quot;fadeIn&quot;}\" data-widget_type=\"image.default\">\n\t\t\t\t<div class=\"elementor-widget-container\">\n\t\t\t\t\t\t\t\t\t\t\t\t\t\t\t<img decoding=\"async\" src=\"https:\/\/rambursaretvaue.ro\/wp-content\/uploads\/elementor\/thumbs\/Ce-facem-noi-rfnluz9vqtrq55170lx62ekuvvz84n69ynj4fpqvt4.jpg\" title=\"Ce facem noi\" alt=\"Ce facem noi\" loading=\"lazy\" \/>\t\t\t\t\t\t\t\t\t\t\t\t\t\t\t<\/div>\n\t\t\t\t<\/div>\n\t\t\t\t\t<\/div>\n\t\t<\/div>\n\t\t\t\t\t<\/div>\n\t\t<\/section>\n\t\t\t\t<section class=\"elementor-section elementor-top-section elementor-element elementor-element-d20d555 elementor-reverse-mobile elementor-section-boxed elementor-section-height-default elementor-section-height-default\" data-id=\"d20d555\" data-element_type=\"section\" data-settings=\"{&quot;background_background&quot;:&quot;classic&quot;}\">\n\t\t\t\t\t\t<div class=\"elementor-container elementor-column-gap-default\">\n\t\t\t\t\t<div class=\"elementor-column elementor-col-50 elementor-top-column elementor-element elementor-element-e014bdb\" data-id=\"e014bdb\" data-element_type=\"column\">\n\t\t\t<div class=\"elementor-widget-wrap elementor-element-populated\">\n\t\t\t\t\t\t<div class=\"elementor-element elementor-element-5be6f2d de_scroll_scale_distance_1.1 elementor-widget elementor-widget-image\" data-id=\"5be6f2d\" data-element_type=\"widget\" data-widget_type=\"image.default\">\n\t\t\t\t<div class=\"elementor-widget-container\">\n\t\t\t\t\t\t\t\t\t\t\t\t\t\t\t<img fetchpriority=\"high\" decoding=\"async\" width=\"1080\" height=\"1920\" src=\"https:\/\/rambursaretvaue.ro\/wp-content\/uploads\/2025\/12\/de-ce-sa-ne-alegi.jpg\" class=\"attachment-full size-full wp-image-1456\" alt=\"\" srcset=\"https:\/\/rambursaretvaue.ro\/wp-content\/uploads\/2025\/12\/de-ce-sa-ne-alegi.jpg 1080w, https:\/\/rambursaretvaue.ro\/wp-content\/uploads\/2025\/12\/de-ce-sa-ne-alegi-169x300.jpg 169w, https:\/\/rambursaretvaue.ro\/wp-content\/uploads\/2025\/12\/de-ce-sa-ne-alegi-576x1024.jpg 576w, https:\/\/rambursaretvaue.ro\/wp-content\/uploads\/2025\/12\/de-ce-sa-ne-alegi-768x1365.jpg 768w, https:\/\/rambursaretvaue.ro\/wp-content\/uploads\/2025\/12\/de-ce-sa-ne-alegi-864x1536.jpg 864w, https:\/\/rambursaretvaue.ro\/wp-content\/uploads\/2025\/12\/de-ce-sa-ne-alegi-7x12.jpg 7w\" sizes=\"(max-width: 1080px) 100vw, 1080px\" \/>\t\t\t\t\t\t\t\t\t\t\t\t\t\t\t<\/div>\n\t\t\t\t<\/div>\n\t\t\t\t\t<\/div>\n\t\t<\/div>\n\t\t\t\t<div class=\"elementor-column elementor-col-50 elementor-top-column elementor-element elementor-element-1f90db4\" data-id=\"1f90db4\" data-element_type=\"column\">\n\t\t\t<div class=\"elementor-widget-wrap elementor-element-populated\">\n\t\t\t\t\t\t<div class=\"elementor-element elementor-element-be3633f de_scroll_animation_no elementor-widget elementor-widget-qi_addons_for_elementor_animated_text\" data-id=\"be3633f\" data-element_type=\"widget\" data-widget_type=\"qi_addons_for_elementor_animated_text.default\">\n\t\t\t\t<div class=\"elementor-widget-container\">\n\t\t\t\t\t<div class=\"qodef-shortcode qodef-m  qodef-qi-animated-text qodef--animated-by-word  qodef-qi--has-appear qodef--appear-from-right\" >\n\t\t<h2 class=\"qodef-m-title translation-block\">\u200e<span class=\"qodef-e-word\">Why<\/span> <span class=\"qodef-e-word\">choose<\/span> <span class=\"qodef-e-word\">us?<\/span><\/h2>\n<\/div>\n\t\t\t\t<\/div>\n\t\t\t\t<\/div>\n\t\t\t\t<div class=\"elementor-element elementor-element-63655f8 de_scroll_animation_no elementor-invisible elementor-widget elementor-widget-text-editor\" data-id=\"63655f8\" data-element_type=\"widget\" data-settings=\"{&quot;_animation&quot;:&quot;fadeIn&quot;}\" data-widget_type=\"text-editor.default\">\n\t\t\t\t<div class=\"elementor-widget-container\">\n\t\t\t\t\t\t\t\t\t<p data-start=\"853\" data-end=\"1337\">Din 2014, oferim <strong data-start=\"870\" data-end=\"928\">servicii profesionale de recuperare TVA intracomunitar<\/strong>, gestion\u00e2nd \u00eentregul proces:<br data-start=\"957\" data-end=\"960\" \/>\u2022 verificarea \u0219i preg\u0103tirea documentelor (facturi, bonuri, \u00eemputerniciri, traduceri)<br data-start=\"1044\" data-end=\"1047\" \/>\u2022 \u00eentocmirea dosarelor de rambursare TVA pentru fiecare stat UE<br data-start=\"1110\" data-end=\"1113\" \/>\u2022 depunerea dosarelor la autorit\u0103\u021bile fiscale europene<br data-start=\"1167\" data-end=\"1170\" \/>\u2022 consultan\u021b\u0103 fiscal\u0103 pe legisla\u021biile din toate cele 28 de state membre<br data-start=\"1241\" data-end=\"1244\" \/>\u2022 rambursare accize pentru carburant \u00een Belgia, Fran\u021ba, Slovenia, Spania, Ungaria \u0219i Italia<\/p><p data-start=\"1339\" data-end=\"1577\">Lucr\u0103m cu firme de transport, companii comerciale, PFA, SRL \u0219i orice entitate pl\u0103titoare de TVA \u00een Rom\u00e2nia. Indiferent de m\u0103rimea companiei sau de valoarea documentelor, ne ocup\u0103m de \u00eentregul proces. <strong data-start=\"1539\" data-end=\"1577\">Pentru noi, fiecare euro conteaz\u0103.<\/strong><\/p><p data-start=\"1579\" data-end=\"1874\">Colabor\u0103m direct cu <strong data-start=\"1599\" data-end=\"1632\">Ministerele de Finan\u021be din UE<\/strong> \u0219i cu avoca\u021bi specializa\u021bi \u00een legisla\u021bia european\u0103, pentru a ne asigura c\u0103 fiecare dosar respect\u0103 strict cerin\u021bele legale. Fiecare \u021bar\u0103 are reguli diferite, iar noi preg\u0103tim documenta\u021bia personalizat, pentru a maximiza \u0219ansele de rambursare.<\/p><p data-start=\"2288\" data-end=\"2447\">\u00a0<\/p>\t\t\t\t\t\t\t\t<\/div>\n\t\t\t\t<\/div>\n\t\t\t\t\t<\/div>\n\t\t<\/div>\n\t\t\t\t\t<\/div>\n\t\t<\/section>\n\t\t\t\t<section class=\"elementor-section elementor-top-section elementor-element elementor-element-ec8c5a8 elementor-section-full_width elementor-section-height-default elementor-section-height-default elementor-invisible\" data-id=\"ec8c5a8\" data-element_type=\"section\" data-settings=\"{&quot;animation&quot;:&quot;fadeIn&quot;}\">\n\t\t\t\t\t\t<div class=\"elementor-container elementor-column-gap-default\">\n\t\t\t\t\t<div class=\"elementor-column elementor-col-50 elementor-top-column elementor-element elementor-element-335d359\" data-id=\"335d359\" data-element_type=\"column\">\n\t\t\t<div class=\"elementor-widget-wrap elementor-element-populated\">\n\t\t\t\t\t\t<div class=\"elementor-element elementor-element-4c2eb32 de_scroll_animation_no elementor-invisible elementor-widget elementor-widget-qi_addons_for_elementor_animated_text\" data-id=\"4c2eb32\" data-element_type=\"widget\" data-settings=\"{&quot;_animation&quot;:&quot;fadeIn&quot;}\" data-widget_type=\"qi_addons_for_elementor_animated_text.default\">\n\t\t\t\t<div class=\"elementor-widget-container\">\n\t\t\t\t\t<div class=\"qodef-shortcode qodef-m  qodef-qi-animated-text qodef--animated-by-word  qodef-qi--has-appear qodef--appear-from-right\" >\n\t\t<h2 class=\"qodef-m-title translation-block\">\u200e<span class=\"qodef-e-word\">Let's<\/span> <span class=\"qodef-e-word\">get<\/span> <span class=\"qodef-e-word\">to<\/span> <span class=\"qodef-e-word\">know<\/span> <span class=\"qodef-e-word\">each<\/span> <span class=\"qodef-e-word\">other!<\/span><\/h2>\n<\/div>\n\t\t\t\t<\/div>\n\t\t\t\t<\/div>\n\t\t\t\t<div class=\"elementor-element elementor-element-40ea1c7 de_scroll_animation_no elementor-invisible elementor-widget elementor-widget-text-editor\" data-id=\"40ea1c7\" data-element_type=\"widget\" data-settings=\"{&quot;_animation&quot;:&quot;fadeIn&quot;}\" data-widget_type=\"text-editor.default\">\n\t\t\t\t<div class=\"elementor-widget-container\">\n\t\t\t\t\t\t\t\t\t<p data-start=\"1876\" data-end=\"2082\">Prin recuperarea TVA \u0219i a accizelor UE, companiile pot reduce costurile de transport <strong data-start=\"1961\" data-end=\"1979\">cu p\u00e2n\u0103 la 27%<\/strong>, ceea ce reprezint\u0103 un avantaj financiar major pentru orice afacere care opereaz\u0103 \u00een spa\u021biul european.<\/p><p data-start=\"2084\" data-end=\"2286\">Cu experien\u021b\u0103 de peste un deceniu, rezultate dovedite \u0219i un portofoliu vast de clien\u021bi mul\u021bumi\u021bi, suntem partenerul de \u00eencredere \u00een <strong data-start=\"2216\" data-end=\"2238\">rambursarea TVA UE<\/strong> \u0219i <strong data-start=\"2242\" data-end=\"2283\">optimizarea costurilor interna\u021bionale<\/strong>.<\/p><p data-start=\"2288\" data-end=\"2447\">Dac\u0103 ave\u021bi nevoie de ajutor pentru recuperarea TVA-ului sau accizelor pl\u0103tite \u00een UE, echipa noastr\u0103 v\u0103 st\u0103 la dispozi\u021bie cu solu\u021bii rapide, clare \u0219i eficiente.<\/p>\t\t\t\t\t\t\t\t<\/div>\n\t\t\t\t<\/div>\n\t\t\t\t<div class=\"elementor-element elementor-element-5a3c234 de_scroll_animation_no elementor-widget elementor-widget-button\" data-id=\"5a3c234\" data-element_type=\"widget\" data-widget_type=\"button.default\">\n\t\t\t\t<div class=\"elementor-widget-container\">\n\t\t\t\t\t\t\t\t\t<div class=\"elementor-button-wrapper\">\n\t\t\t\t\t<a class=\"elementor-button elementor-button-link elementor-size-sm\" href=\"https:\/\/rambursaretvaue.ro\/en\/contact\/\">\n\t\t\t\t\t\t<span class=\"elementor-button-content-wrapper\">\n\t\t\t\t\t\t\t\t\t<span class=\"elementor-button-text\">Contact Us<\/span>\n\t\t\t\t\t<\/span>\n\t\t\t\t\t<\/a>\n\t\t\t\t<\/div>\n\t\t\t\t\t\t\t\t<\/div>\n\t\t\t\t<\/div>\n\t\t\t\t\t<\/div>\n\t\t<\/div>\n\t\t\t\t<div class=\"elementor-column elementor-col-50 elementor-top-column elementor-element elementor-element-571ab6b\" data-id=\"571ab6b\" data-element_type=\"column\">\n\t\t\t<div class=\"elementor-widget-wrap elementor-element-populated\">\n\t\t\t\t\t\t<div class=\"elementor-element elementor-element-377d844 elementor-widget__width-initial de_scroll_animation_no elementor-invisible elementor-widget elementor-widget-image\" data-id=\"377d844\" data-element_type=\"widget\" data-settings=\"{&quot;_animation&quot;:&quot;fadeIn&quot;}\" data-widget_type=\"image.default\">\n\t\t\t\t<div class=\"elementor-widget-container\">\n\t\t\t\t\t\t\t\t\t\t\t\t\t\t\t<img decoding=\"async\" src=\"https:\/\/rambursaretvaue.ro\/wp-content\/uploads\/elementor\/thumbs\/Hai-sa-ne-cunoastem-rfnlzhvyl5zguv5kb7kjlz7mf8m4o227fzdsii3pzs.jpg\" title=\"Hai sa ne cunoastem\" alt=\"Hai sa ne cunoastem\" loading=\"lazy\" \/>\t\t\t\t\t\t\t\t\t\t\t\t\t\t\t<\/div>\n\t\t\t\t<\/div>\n\t\t\t\t\t<\/div>\n\t\t<\/div>\n\t\t\t\t\t<\/div>\n\t\t<\/section>\n\t\t\t\t<\/div>","protected":false},"excerpt":{"rendered":"<p>Ce facem mai exact? Suntem o companie specializat\u0103 \u00een rambursarea TVA-ului \u0219i a accizelor din Uniunea European\u0103, oferind solu\u021bii complete pentru firmele din Rom\u00e2nia care efectueaz\u0103 transport interna\u021bional, achizi\u021bii intracomunitare sau pl\u0103tesc TVA \u00een alte state membre. Statisticile arat\u0103 c\u0103 peste 75% dintre companiile eligibile nu solicit\u0103 rambursarea TVA UE, pierz\u00e2nd sume importante. Misiunea noastr\u0103 [&hellip;]<\/p>","protected":false},"author":1,"featured_media":0,"parent":0,"menu_order":0,"comment_status":"closed","ping_status":"closed","template":"elementor_header_footer","meta":{"ocean_post_layout":"","ocean_both_sidebars_style":"","ocean_both_sidebars_content_width":0,"ocean_both_sidebars_sidebars_width":0,"ocean_sidebar":"","ocean_second_sidebar":"","ocean_disable_margins":"enable","ocean_add_body_class":"","ocean_shortcode_before_top_bar":"","ocean_shortcode_after_top_bar":"","ocean_shortcode_before_header":"","ocean_shortcode_after_header":"","ocean_has_shortcode":"","ocean_shortcode_after_title":"","ocean_shortcode_before_footer_widgets":"","ocean_shortcode_after_footer_widgets":"","ocean_shortcode_before_footer_bottom":"","ocean_shortcode_after_footer_bottom":"","ocean_display_top_bar":"default","ocean_display_header":"default","ocean_header_style":"","ocean_center_header_left_menu":"","ocean_custom_header_template":"","ocean_custom_logo":0,"ocean_custom_retina_logo":0,"ocean_custom_logo_max_width":0,"ocean_custom_logo_tablet_max_width":0,"ocean_custom_logo_mobile_max_width":0,"ocean_custom_logo_max_height":0,"ocean_custom_logo_tablet_max_height":0,"ocean_custom_logo_mobile_max_height":0,"ocean_header_custom_menu":"","ocean_menu_typo_font_family":"","ocean_menu_typo_font_subset":"","ocean_menu_typo_font_size":0,"ocean_menu_typo_font_size_tablet":0,"ocean_menu_typo_font_size_mobile":0,"ocean_menu_typo_font_size_unit":"px","ocean_menu_typo_font_weight":"","ocean_menu_typo_font_weight_tablet":"","ocean_menu_typo_font_weight_mobile":"","ocean_menu_typo_transform":"","ocean_menu_typo_transform_tablet":"","ocean_menu_typo_transform_mobile":"","ocean_menu_typo_line_height":0,"ocean_menu_typo_line_height_tablet":0,"ocean_menu_typo_line_height_mobile":0,"ocean_menu_typo_line_height_unit":"","ocean_menu_typo_spacing":0,"ocean_menu_typo_spacing_tablet":0,"ocean_menu_typo_spacing_mobile":0,"ocean_menu_typo_spacing_unit":"","ocean_menu_link_color":"","ocean_menu_link_color_hover":"","ocean_menu_link_color_active":"","ocean_menu_link_background":"","ocean_menu_link_hover_background":"","ocean_menu_link_active_background":"","ocean_menu_social_links_bg":"","ocean_menu_social_hover_links_bg":"","ocean_menu_social_links_color":"","ocean_menu_social_hover_links_color":"","ocean_disable_title":"default","ocean_disable_heading":"default","ocean_post_title":"","ocean_post_subheading":"","ocean_post_title_style":"","ocean_post_title_background_color":"","ocean_post_title_background":0,"ocean_post_title_bg_image_position":"","ocean_post_title_bg_image_attachment":"","ocean_post_title_bg_image_repeat":"","ocean_post_title_bg_image_size":"","ocean_post_title_height":0,"ocean_post_title_bg_overlay":0.5,"ocean_post_title_bg_overlay_color":"","ocean_disable_breadcrumbs":"default","ocean_breadcrumbs_color":"","ocean_breadcrumbs_separator_color":"","ocean_breadcrumbs_links_color":"","ocean_breadcrumbs_links_hover_color":"","ocean_display_footer_widgets":"default","ocean_display_footer_bottom":"default","ocean_custom_footer_template":"","_glsr_average":0,"_glsr_ranking":0,"_glsr_reviews":0,"footnotes":""},"class_list":["post-120","page","type-page","status-publish","hentry","entry"],"_links":{"self":[{"href":"https:\/\/rambursaretvaue.ro\/en\/wp-json\/wp\/v2\/pages\/120","targetHints":{"allow":["GET"]}}],"collection":[{"href":"https:\/\/rambursaretvaue.ro\/en\/wp-json\/wp\/v2\/pages"}],"about":[{"href":"https:\/\/rambursaretvaue.ro\/en\/wp-json\/wp\/v2\/types\/page"}],"author":[{"embeddable":true,"href":"https:\/\/rambursaretvaue.ro\/en\/wp-json\/wp\/v2\/users\/1"}],"replies":[{"embeddable":true,"href":"https:\/\/rambursaretvaue.ro\/en\/wp-json\/wp\/v2\/comments?post=120"}],"version-history":[{"count":48,"href":"https:\/\/rambursaretvaue.ro\/en\/wp-json\/wp\/v2\/pages\/120\/revisions"}],"predecessor-version":[{"id":1460,"href":"https:\/\/rambursaretvaue.ro\/en\/wp-json\/wp\/v2\/pages\/120\/revisions\/1460"}],"wp:attachment":[{"href":"https:\/\/rambursaretvaue.ro\/en\/wp-json\/wp\/v2\/media?parent=120"}],"curies":[{"name":"wp","href":"https:\/\/api.w.org\/{rel}","templated":true}]}}